{"id":187,"date":"2024-05-14T09:41:46","date_gmt":"2024-05-14T07:41:46","guid":{"rendered":"https:\/\/www.trispiridon.com\/?page_id=187"},"modified":"2026-03-12T13:56:48","modified_gmt":"2026-03-12T12:56:48","slug":"stage-trispiridon","status":"publish","type":"page","link":"https:\/\/www.trispiridon.com\/?page_id=187","title":{"rendered":"STAGE TRIATHLON CLUB"},"content":{"rendered":"\n<h2 class=\"wp-block-heading\">STAGE 2026 LES BARONNIES dans la Dr\u00f4me 12 au 17 mai <\/h2>\n\n\n\n<p> Au domaine des hauts de Rosans<\/p>\n\n\n\n<figure class=\"wp-block-image size-full\"><img loading=\"lazy\" decoding=\"async\" width=\"620\" height=\"380\" src=\"https:\/\/www.trispiridon.com\/wp-content\/uploads\/2026\/01\/image-3.png\" alt=\"\" class=\"wp-image-699\" srcset=\"https:\/\/www.trispiridon.com\/wp-content\/uploads\/2026\/01\/image-3.png 620w, https:\/\/www.trispiridon.com\/wp-content\/uploads\/2026\/01\/image-3-500x306.png 500w, https:\/\/www.trispiridon.com\/wp-content\/uploads\/2026\/01\/image-3-600x368.png 600w\" sizes=\"auto, (max-width: 620px) 100vw, 620px\" \/><\/figure>\n\n\n\n<p><br><\/p>\n\n\n\n<h2 class=\"wp-block-heading\">STAGE 2025 en LOZ\u00c8RE \u00e0 NAUSSAC du 6 au 11 mai<\/h2>\n\n\n\n<div class=\"wp-block-buttons is-layout-flex wp-block-buttons-is-layout-flex\">\n<div class=\"wp-block-button has-custom-width wp-block-button__width-100\"><a class=\"wp-block-button__link has-primary-1-background-color has-background wp-element-button\" href=\"https:\/\/naussac.com\/fr\/page\/stage-triathlon-intensif-entrainement.23747.html\" style=\"border-radius:0px\"><strong><mark style=\"background-color:#ff6863;color:#ffffff\" class=\"has-inline-color\">CENTRE DE NAUSSAC<\/mark><\/strong><\/a><\/div>\n<\/div>\n\n\n\n<figure class=\"wp-block-image size-full\"><img loading=\"lazy\" decoding=\"async\" width=\"816\" height=\"615\" src=\"https:\/\/www.trispiridon.com\/wp-content\/uploads\/2025\/10\/image.png\" alt=\"\" class=\"wp-image-659\" srcset=\"https:\/\/www.trispiridon.com\/wp-content\/uploads\/2025\/10\/image.png 816w, https:\/\/www.trispiridon.com\/wp-content\/uploads\/2025\/10\/image-500x377.png 500w, https:\/\/www.trispiridon.com\/wp-content\/uploads\/2025\/10\/image-768x579.png 768w, https:\/\/www.trispiridon.com\/wp-content\/uploads\/2025\/10\/image-600x452.png 600w\" sizes=\"auto, (max-width: 816px) 100vw, 816px\" \/><\/figure>\n\n\n\n<figure class=\"wp-block-image size-full\"><img loading=\"lazy\" decoding=\"async\" width=\"833\" height=\"371\" src=\"https:\/\/www.trispiridon.com\/wp-content\/uploads\/2025\/10\/image-1.png\" alt=\"\" class=\"wp-image-660\" srcset=\"https:\/\/www.trispiridon.com\/wp-content\/uploads\/2025\/10\/image-1.png 833w, https:\/\/www.trispiridon.com\/wp-content\/uploads\/2025\/10\/image-1-500x223.png 500w, https:\/\/www.trispiridon.com\/wp-content\/uploads\/2025\/10\/image-1-768x342.png 768w, https:\/\/www.trispiridon.com\/wp-content\/uploads\/2025\/10\/image-1-600x267.png 600w\" sizes=\"auto, (max-width: 833px) 100vw, 833px\" \/><\/figure>\n\n\n\n<figure class=\"wp-block-image size-full\"><img loading=\"lazy\" decoding=\"async\" width=\"818\" height=\"610\" src=\"https:\/\/www.trispiridon.com\/wp-content\/uploads\/2025\/10\/image-2.png\" alt=\"\" class=\"wp-image-661\" srcset=\"https:\/\/www.trispiridon.com\/wp-content\/uploads\/2025\/10\/image-2.png 818w, https:\/\/www.trispiridon.com\/wp-content\/uploads\/2025\/10\/image-2-500x373.png 500w, https:\/\/www.trispiridon.com\/wp-content\/uploads\/2025\/10\/image-2-768x573.png 768w, https:\/\/www.trispiridon.com\/wp-content\/uploads\/2025\/10\/image-2-600x447.png 600w\" sizes=\"auto, (max-width: 818px) 100vw, 818px\" \/><\/figure>\n\n\n\n<h2 class=\"wp-block-heading\">Stage 2024 Vaison La Romaine du 7 au 12 mai  au centre international du cyclisme<\/h2>\n\n\n\n<figure class=\"wp-block-image size-large\"><img loading=\"lazy\" decoding=\"async\" width=\"1024\" height=\"768\" src=\"https:\/\/www.trispiridon.com\/wp-content\/uploads\/2024\/05\/vaison_2-1024x768.jpeg\" alt=\"\" class=\"wp-image-219\" srcset=\"https:\/\/www.trispiridon.com\/wp-content\/uploads\/2024\/05\/vaison_2-1024x768.jpeg 1024w, https:\/\/www.trispiridon.com\/wp-content\/uploads\/2024\/05\/vaison_2-300x225.jpeg 300w, https:\/\/www.trispiridon.com\/wp-content\/uploads\/2024\/05\/vaison_2-768x576.jpeg 768w, https:\/\/www.trispiridon.com\/wp-content\/uploads\/2024\/05\/vaison_2-1536x1152.jpeg 1536w, https:\/\/www.trispiridon.com\/wp-content\/uploads\/2024\/05\/vaison_2-1920x1440.jpeg 1920w, https:\/\/www.trispiridon.com\/wp-content\/uploads\/2024\/05\/vaison_2-600x450.jpeg 600w, https:\/\/www.trispiridon.com\/wp-content\/uploads\/2024\/05\/vaison_2.jpeg 2048w\" sizes=\"auto, (max-width: 1024px) 100vw, 1024px\" \/><\/figure>\n\n\n\n<figure class=\"wp-block-image size-large\"><img loading=\"lazy\" decoding=\"async\" width=\"1024\" height=\"768\" src=\"https:\/\/www.trispiridon.com\/wp-content\/uploads\/2024\/05\/vaison_1-1024x768.jpeg\" alt=\"\" class=\"wp-image-220\" srcset=\"https:\/\/www.trispiridon.com\/wp-content\/uploads\/2024\/05\/vaison_1-1024x768.jpeg 1024w, https:\/\/www.trispiridon.com\/wp-content\/uploads\/2024\/05\/vaison_1-300x225.jpeg 300w, https:\/\/www.trispiridon.com\/wp-content\/uploads\/2024\/05\/vaison_1-768x576.jpeg 768w, https:\/\/www.trispiridon.com\/wp-content\/uploads\/2024\/05\/vaison_1-1536x1152.jpeg 1536w, https:\/\/www.trispiridon.com\/wp-content\/uploads\/2024\/05\/vaison_1-1920x1440.jpeg 1920w, https:\/\/www.trispiridon.com\/wp-content\/uploads\/2024\/05\/vaison_1-600x450.jpeg 600w, https:\/\/www.trispiridon.com\/wp-content\/uploads\/2024\/05\/vaison_1.jpeg 2048w\" sizes=\"auto, (max-width: 1024px) 100vw, 1024px\" \/><\/figure>\n\n\n\n<figure class=\"wp-block-image size-large is-resized\"><img loading=\"lazy\" decoding=\"async\" width=\"1024\" height=\"768\" src=\"https:\/\/www.trispiridon.com\/wp-content\/uploads\/2024\/05\/vaison_3-1024x768.jpeg\" alt=\"\" class=\"wp-image-221\" style=\"width:1170px;height:auto\" srcset=\"https:\/\/www.trispiridon.com\/wp-content\/uploads\/2024\/05\/vaison_3-1024x768.jpeg 1024w, https:\/\/www.trispiridon.com\/wp-content\/uploads\/2024\/05\/vaison_3-300x225.jpeg 300w, https:\/\/www.trispiridon.com\/wp-content\/uploads\/2024\/05\/vaison_3-768x576.jpeg 768w, https:\/\/www.trispiridon.com\/wp-content\/uploads\/2024\/05\/vaison_3-1536x1152.jpeg 1536w, https:\/\/www.trispiridon.com\/wp-content\/uploads\/2024\/05\/vaison_3-600x450.jpeg 600w, https:\/\/www.trispiridon.com\/wp-content\/uploads\/2024\/05\/vaison_3.jpeg 1600w\" sizes=\"auto, (max-width: 1024px) 100vw, 1024px\" \/><\/figure>\n\n\n\n<h2 class=\"wp-block-heading\">Stage 2023 \u00e0 Embrun DU 8 AU 14 Mai <\/h2>\n\n\n\n<figure class=\"wp-block-image size-full\"><img loading=\"lazy\" decoding=\"async\" width=\"1024\" height=\"768\" src=\"https:\/\/www.trispiridon.com\/wp-content\/uploads\/2024\/06\/image.png\" alt=\"\" class=\"wp-image-252\" srcset=\"https:\/\/www.trispiridon.com\/wp-content\/uploads\/2024\/06\/image.png 1024w, https:\/\/www.trispiridon.com\/wp-content\/uploads\/2024\/06\/image-300x225.png 300w, https:\/\/www.trispiridon.com\/wp-content\/uploads\/2024\/06\/image-768x576.png 768w, https:\/\/www.trispiridon.com\/wp-content\/uploads\/2024\/06\/image-600x450.png 600w\" sizes=\"auto, (max-width: 1024px) 100vw, 1024px\" \/><\/figure>\n","protected":false},"excerpt":{"rendered":"<p>STAGE 2026 LES BARONNIES dans la Dr\u00f4me 12 au 17 mai Au domaine des hauts de Rosans STAGE 2025 en LOZ\u00c8RE \u00e0 NAUSSAC du 6 au 11 mai Stage 2024 Vaison La Romaine du 7 au 12 mai au centre international du cyclisme Stage 2023 \u00e0 Embrun DU 8 AU 14 Mai<\/p>\n","protected":false},"author":1,"featured_media":0,"parent":0,"menu_order":0,"comment_status":"closed","ping_status":"closed","template":"","meta":{"footnotes":""},"class_list":["post-187","page","type-page","status-publish","hentry"],"_links":{"self":[{"href":"https:\/\/www.trispiridon.com\/index.php?rest_route=\/wp\/v2\/pages\/187","targetHints":{"allow":["GET"]}}],"collection":[{"href":"https:\/\/www.trispiridon.com\/index.php?rest_route=\/wp\/v2\/pages"}],"about":[{"href":"https:\/\/www.trispiridon.com\/index.php?rest_route=\/wp\/v2\/types\/page"}],"author":[{"embeddable":true,"href":"https:\/\/www.trispiridon.com\/index.php?rest_route=\/wp\/v2\/users\/1"}],"replies":[{"embeddable":true,"href":"https:\/\/www.trispiridon.com\/index.php?rest_route=%2Fwp%2Fv2%2Fcomments&post=187"}],"version-history":[{"count":20,"href":"https:\/\/www.trispiridon.com\/index.php?rest_route=\/wp\/v2\/pages\/187\/revisions"}],"predecessor-version":[{"id":734,"href":"https:\/\/www.trispiridon.com\/index.php?rest_route=\/wp\/v2\/pages\/187\/revisions\/734"}],"wp:attachment":[{"href":"https:\/\/www.trispiridon.com\/index.php?rest_route=%2Fwp%2Fv2%2Fmedia&parent=187"}],"curies":[{"name":"wp","href":"https:\/\/api.w.org\/{rel}","templated":true}]}}