{"id":147,"date":"2014-11-25T16:16:43","date_gmt":"2014-11-25T16:16:43","guid":{"rendered":"https:\/\/www.trispiridon.com\/?page_id=147"},"modified":"2025-10-27T10:01:44","modified_gmt":"2025-10-27T09:01:44","slug":"home","status":"publish","type":"page","link":"https:\/\/www.trispiridon.com\/","title":{"rendered":"Home"},"content":{"rendered":"<h3>Envie de vous mettre au triathlon ?<\/h3>\n<h3>Au TRIspiridon OYONNAX on fait \u00e7a s\u00e9rieusement sans se prendre au s\u00e9rieux<\/h3>\n<p>\u00a0<a href=\"https:\/\/www.opentri.fr\/clubs-triathlon-france\/trispiridon-oyonnax\/\">CONTACT<\/a><\/p>\n\n\n<p><\/p>\n","protected":false},"excerpt":{"rendered":"<p>Envie de vous mettre au triathlon ? Au TRIspiridon OYONNAX on fait \u00e7a s\u00e9rieusement sans se prendre au s\u00e9rieux \u00a0CONTACT<\/p>\n","protected":false},"author":1,"featured_media":501,"parent":0,"menu_order":0,"comment_status":"open","ping_status":"open","template":"","meta":{"footnotes":""},"class_list":["post-147","page","type-page","status-publish","has-post-thumbnail","hentry"],"_links":{"self":[{"href":"https:\/\/www.trispiridon.com\/index.php?rest_route=\/wp\/v2\/pages\/147","targetHints":{"allow":["GET"]}}],"collection":[{"href":"https:\/\/www.trispiridon.com\/index.php?rest_route=\/wp\/v2\/pages"}],"about":[{"href":"https:\/\/www.trispiridon.com\/index.php?rest_route=\/wp\/v2\/types\/page"}],"author":[{"embeddable":true,"href":"https:\/\/www.trispiridon.com\/index.php?rest_route=\/wp\/v2\/users\/1"}],"replies":[{"embeddable":true,"href":"https:\/\/www.trispiridon.com\/index.php?rest_route=%2Fwp%2Fv2%2Fcomments&post=147"}],"version-history":[{"count":17,"href":"https:\/\/www.trispiridon.com\/index.php?rest_route=\/wp\/v2\/pages\/147\/revisions"}],"predecessor-version":[{"id":609,"href":"https:\/\/www.trispiridon.com\/index.php?rest_route=\/wp\/v2\/pages\/147\/revisions\/609"}],"wp:featuredmedia":[{"embeddable":true,"href":"https:\/\/www.trispiridon.com\/index.php?rest_route=\/wp\/v2\/media\/501"}],"wp:attachment":[{"href":"https:\/\/www.trispiridon.com\/index.php?rest_route=%2Fwp%2Fv2%2Fmedia&parent=147"}],"curies":[{"name":"wp","href":"https:\/\/api.w.org\/{rel}","templated":true}]}}